{"id":1991,"date":"2019-04-05T13:40:54","date_gmt":"2019-04-05T17:40:54","guid":{"rendered":"http:\/\/parlevent.ca\/wp\/?page_id=1991"},"modified":"2026-03-19T09:32:49","modified_gmt":"2026-03-19T13:32:49","slug":"1991-2","status":"publish","type":"page","link":"https:\/\/parlevent.ca\/wp\/","title":{"rendered":"Accueil"},"content":{"rendered":"<section class=\"wpb-content-wrapper\"><p>[vc_row][vc_column][vc_column_text]<\/p>\n<div class=\"xdj266r x11i5rnm xat24cr x1mh8g0r x1vvkbs x126k92a\">\n<h3 class=\"p1\" style=\"text-align: center;\">Il est maintenant temps de r\u00e9server vos billets pour nos repr\u00e9sentations 2026!<\/h3>\n<h3 class=\"p1\" style=\"text-align: center;\">Cette ann\u00e9e, nous vous pr\u00e9senterons la pi\u00e8ce 1500 pieds sous terre<em><span style=\"font-size: 1.25rem;\">\u00a0!<\/span><\/em><\/h3>\n<h3 class=\"p1\" style=\"text-align: center;\">Seulement 3 repr\u00e9sentations! Les 19 et 20 juin 2026 \u00e0 20h et le 21 \u00e0 14h, dans une toute nouvelle salle: l&rsquo;Espace citoyen des Confluents, \u00e0 Laval.<\/h3>\n<h3 class=\"p1\" style=\"text-align: center;\"><a href=\"https:\/\/co-motion.ca\/spectacles\/theatre-parlevent-a-visiter-durgence\/?fbclid=IwY2xjawJ4wfxleHRuA2FlbQIxMABicmlkETFESWpCZ1VCSmFvUWRDTlgzAR4Rlp5QFkjlEA0AJ1wHP7lJWD2BJ2dPTBVVRiTmzbZqL7-Y6ajAZ3mvlZBaDw_aem_tNGdo1i4wGIlEqYsbkvtxA\">Faites-vite les billets s&rsquo;envoleront rapidement !<\/a><\/h3>\n<\/div>\n<p><img loading=\"lazy\" decoding=\"async\" class=\"size-full wp-image-2529 aligncenter\" src=\"https:\/\/i0.wp.com\/parlevent.ca\/wp\/wp-content\/uploads\/1500-pieds-11-x-17-po.png?resize=800%2C1236&#038;ssl=1\" alt=\"\" width=\"800\" height=\"1236\" srcset=\"https:\/\/i0.wp.com\/parlevent.ca\/wp\/wp-content\/uploads\/1500-pieds-11-x-17-po.png?w=1294&amp;ssl=1 1294w, https:\/\/i0.wp.com\/parlevent.ca\/wp\/wp-content\/uploads\/1500-pieds-11-x-17-po.png?resize=194%2C300&amp;ssl=1 194w, https:\/\/i0.wp.com\/parlevent.ca\/wp\/wp-content\/uploads\/1500-pieds-11-x-17-po.png?resize=663%2C1024&amp;ssl=1 663w, https:\/\/i0.wp.com\/parlevent.ca\/wp\/wp-content\/uploads\/1500-pieds-11-x-17-po.png?resize=994%2C1536&amp;ssl=1 994w\" sizes=\"auto, (max-width: 800px) 100vw, 800px\" data-recalc-dims=\"1\" \/>[\/vc_column_text][\/vc_column][\/vc_row][vc_row][vc_column][rev_slider_vc alias=\u00a0\u00bbparlevent-slider-01&Prime;][\/vc_column][\/vc_row]<\/p>\n<\/section>","protected":false},"excerpt":{"rendered":"<p>[vc_row][vc_column][vc_column_text] Il est maintenant temps de r\u00e9server vos billets pour nos repr\u00e9sentations 2026! Cette ann\u00e9e, nous vous pr\u00e9senterons la pi\u00e8ce 1500 pieds sous terre\u00a0! Seulement 3 repr\u00e9sentations! Les 19 et &#8230;<\/p>\n","protected":false},"author":4,"featured_media":0,"parent":0,"menu_order":0,"comment_status":"closed","ping_status":"closed","template":"","meta":{"jetpack_post_was_ever_published":false,"footnotes":""},"class_list":["post-1991","page","type-page","status-publish","hentry"],"jetpack_sharing_enabled":true,"jetpack_shortlink":"https:\/\/wp.me\/PaV8WF-w7","_links":{"self":[{"href":"https:\/\/parlevent.ca\/wp\/wp-json\/wp\/v2\/pages\/1991","targetHints":{"allow":["GET"]}}],"collection":[{"href":"https:\/\/parlevent.ca\/wp\/wp-json\/wp\/v2\/pages"}],"about":[{"href":"https:\/\/parlevent.ca\/wp\/wp-json\/wp\/v2\/types\/page"}],"author":[{"embeddable":true,"href":"https:\/\/parlevent.ca\/wp\/wp-json\/wp\/v2\/users\/4"}],"replies":[{"embeddable":true,"href":"https:\/\/parlevent.ca\/wp\/wp-json\/wp\/v2\/comments?post=1991"}],"version-history":[{"count":86,"href":"https:\/\/parlevent.ca\/wp\/wp-json\/wp\/v2\/pages\/1991\/revisions"}],"predecessor-version":[{"id":2531,"href":"https:\/\/parlevent.ca\/wp\/wp-json\/wp\/v2\/pages\/1991\/revisions\/2531"}],"wp:attachment":[{"href":"https:\/\/parlevent.ca\/wp\/wp-json\/wp\/v2\/media?parent=1991"}],"curies":[{"name":"wp","href":"https:\/\/api.w.org\/{rel}","templated":true}]}}